{"id":2604,"date":"2020-11-19T14:53:01","date_gmt":"2021-02-13T12:43:53","guid":{"rendered":"https:\/\/lujery.com\/produkt\/schmuck-mit-diamant\/"},"modified":"2021-03-11T14:39:58","modified_gmt":"2021-03-11T13:39:58","slug":"schmuck-mit-diamant","status":"publish","type":"product","link":"https:\/\/lujery.com\/de\/luxusschmuck\/schmuck-mit-diamant\/","title":{"rendered":"Schmuck mit Diamant"},"content":{"rendered":"","protected":false},"excerpt":{"rendered":"<p>Die Cr\u00e8me de la Cr\u00e8me unter den Edelsteinen. Es wurde so viel \u00fcber die Diamanten geschrieben, dass es schwer f\u00e4llt, etwas Neues zu sagen. Wir k\u00f6nnen Ihnen jedoch versichern, dass der Diamant nie entt\u00e4uscht. Auch wenn der Wert manchmal schwankt, die Liebe zu Diamanten bleibt konstant.<\/p>\n","protected":false},"featured_media":3132,"comment_status":"open","ping_status":"closed","template":"","meta":[],"drahokam":[308],"_links":{"self":[{"href":"https:\/\/lujery.com\/de\/wp-json\/wp\/v2\/product\/2604"}],"collection":[{"href":"https:\/\/lujery.com\/de\/wp-json\/wp\/v2\/product"}],"about":[{"href":"https:\/\/lujery.com\/de\/wp-json\/wp\/v2\/types\/product"}],"replies":[{"embeddable":true,"href":"https:\/\/lujery.com\/de\/wp-json\/wp\/v2\/comments?post=2604"}],"wp:featuredmedia":[{"embeddable":true,"href":"https:\/\/lujery.com\/de\/wp-json\/wp\/v2\/media\/3132"}],"wp:attachment":[{"href":"https:\/\/lujery.com\/de\/wp-json\/wp\/v2\/media?parent=2604"}],"wp:term":[{"taxonomy":"drahokam","embeddable":true,"href":"https:\/\/lujery.com\/de\/wp-json\/wp\/v2\/drahokam?post=2604"}],"curies":[{"name":"wp","href":"https:\/\/api.w.org\/{rel}","templated":true}]}}