{"id":2612,"date":"2020-11-19T15:12:27","date_gmt":"2021-02-13T12:44:18","guid":{"rendered":"https:\/\/lujery.com\/produkt\/schmuck-mit-granat\/"},"modified":"2021-03-11T14:48:02","modified_gmt":"2021-03-11T13:48:02","slug":"schmuck-mit-granat","status":"publish","type":"product","link":"https:\/\/lujery.com\/de\/luxusschmuck\/schmuck-mit-granat\/","title":{"rendered":"Schmuck mit Granat"},"content":{"rendered":"","protected":false},"excerpt":{"rendered":"<p>Granat wird als Edelstein der Liebe und der Leidenschaft bezeichnet und ist deshalb ein beliebtes Geschenk bei Verliebten oder als Hochzeitsgeschenk. Sein Preis h\u00e4ngt von der Farbe ab &#8211; je tiefer und intensiver die Farbe, desto wertvoller ist der Stein. Ungew\u00f6hnliche Verf\u00e4rbungen sind sogar noch wertvoller als die \u00fcblichen roten Granaten<\/p>\n","protected":false},"featured_media":3091,"comment_status":"open","ping_status":"closed","template":"","meta":[],"drahokam":[316],"_links":{"self":[{"href":"https:\/\/lujery.com\/de\/wp-json\/wp\/v2\/product\/2612"}],"collection":[{"href":"https:\/\/lujery.com\/de\/wp-json\/wp\/v2\/product"}],"about":[{"href":"https:\/\/lujery.com\/de\/wp-json\/wp\/v2\/types\/product"}],"replies":[{"embeddable":true,"href":"https:\/\/lujery.com\/de\/wp-json\/wp\/v2\/comments?post=2612"}],"wp:featuredmedia":[{"embeddable":true,"href":"https:\/\/lujery.com\/de\/wp-json\/wp\/v2\/media\/3091"}],"wp:attachment":[{"href":"https:\/\/lujery.com\/de\/wp-json\/wp\/v2\/media?parent=2612"}],"wp:term":[{"taxonomy":"drahokam","embeddable":true,"href":"https:\/\/lujery.com\/de\/wp-json\/wp\/v2\/drahokam?post=2612"}],"curies":[{"name":"wp","href":"https:\/\/api.w.org\/{rel}","templated":true}]}}