{"id":2615,"date":"2020-11-19T15:20:02","date_gmt":"2021-02-13T12:44:59","guid":{"rendered":"https:\/\/lujery.com\/produkt\/schmuck-mit-smaragd\/"},"modified":"2021-03-11T15:18:41","modified_gmt":"2021-03-11T14:18:41","slug":"schmuck-mit-smaragd","status":"publish","type":"product","link":"https:\/\/lujery.com\/de\/luxusschmuck\/schmuck-mit-smaragd\/","title":{"rendered":"Schmuck mit Smaragd"},"content":{"rendered":"","protected":false},"excerpt":{"rendered":"<p class=\"Standard\">Zusammen mit Diamanten, Saphiren und Rubinen geh\u00f6ren Smaragde zu den vier wertvollsten Edelsteinen, wobei ihre Farbe ihr wichtigstes Qualit\u00e4tsmerkmal ist. Die am meisten gesch\u00e4tzte Variante ist ein sattgr\u00fcner Smaragd mit einem Hauch von Blau. Der Edelstein bedarf jedoch spezieller F\u00fcrsorge, da er weich und fein ist. Seine Sch\u00f6nheit kommt vor allem bei Veranstaltungen, wie einem Opernbesuch, einem Ball oder einem Bankett der Investmentbanker zur Geltung. Wenn er t\u00e4glich getragen wird, erlischt jedoch sein Feuer langsam.<\/p>\n","protected":false},"featured_media":3166,"comment_status":"open","ping_status":"closed","template":"","meta":[],"drahokam":[300],"_links":{"self":[{"href":"https:\/\/lujery.com\/de\/wp-json\/wp\/v2\/product\/2615"}],"collection":[{"href":"https:\/\/lujery.com\/de\/wp-json\/wp\/v2\/product"}],"about":[{"href":"https:\/\/lujery.com\/de\/wp-json\/wp\/v2\/types\/product"}],"replies":[{"embeddable":true,"href":"https:\/\/lujery.com\/de\/wp-json\/wp\/v2\/comments?post=2615"}],"wp:featuredmedia":[{"embeddable":true,"href":"https:\/\/lujery.com\/de\/wp-json\/wp\/v2\/media\/3166"}],"wp:attachment":[{"href":"https:\/\/lujery.com\/de\/wp-json\/wp\/v2\/media?parent=2615"}],"wp:term":[{"taxonomy":"drahokam","embeddable":true,"href":"https:\/\/lujery.com\/de\/wp-json\/wp\/v2\/drahokam?post=2615"}],"curies":[{"name":"wp","href":"https:\/\/api.w.org\/{rel}","templated":true}]}}