{"id":2622,"date":"2020-11-20T09:25:23","date_gmt":"2021-02-13T12:45:42","guid":{"rendered":"https:\/\/lujery.com\/produkt\/schmuck-mit-amethyst\/"},"modified":"2021-03-11T15:30:48","modified_gmt":"2021-03-11T14:30:48","slug":"schmuck-mit-amethyst","status":"publish","type":"product","link":"https:\/\/lujery.com\/de\/luxusschmuck\/schmuck-mit-amethyst\/","title":{"rendered":"Schmuck mit Amethyst"},"content":{"rendered":"","protected":false},"excerpt":{"rendered":"<p>Dank seiner k\u00f6niglichen lila Farbe war er schon immer ein g\u00e4ngiges Kronjuwel. Dank seiner spirituellen Symbolik wurde er auch zum Symbol der Bisch\u00f6fe. Wie bei den meisten Steinen sind die am dunkelsten gef\u00e4rbten lila Amethyststeine die wertvollsten. Eine spezielle Art ist der Ametrin, der den lila Amethyst mit gelben Zitrin verbindet. Wenn Sie eine spirituell orientierte Person erfreuen m\u00f6chten, ist der Amethyst eine klare Wahl.<\/p>\n","protected":false},"featured_media":3076,"comment_status":"open","ping_status":"closed","template":"","meta":[],"drahokam":[314],"_links":{"self":[{"href":"https:\/\/lujery.com\/de\/wp-json\/wp\/v2\/product\/2622"}],"collection":[{"href":"https:\/\/lujery.com\/de\/wp-json\/wp\/v2\/product"}],"about":[{"href":"https:\/\/lujery.com\/de\/wp-json\/wp\/v2\/types\/product"}],"replies":[{"embeddable":true,"href":"https:\/\/lujery.com\/de\/wp-json\/wp\/v2\/comments?post=2622"}],"wp:featuredmedia":[{"embeddable":true,"href":"https:\/\/lujery.com\/de\/wp-json\/wp\/v2\/media\/3076"}],"wp:attachment":[{"href":"https:\/\/lujery.com\/de\/wp-json\/wp\/v2\/media?parent=2622"}],"wp:term":[{"taxonomy":"drahokam","embeddable":true,"href":"https:\/\/lujery.com\/de\/wp-json\/wp\/v2\/drahokam?post=2622"}],"curies":[{"name":"wp","href":"https:\/\/api.w.org\/{rel}","templated":true}]}}